{"id":15793,"date":"2023-10-26T20:40:38","date_gmt":"2023-10-27T01:40:38","guid":{"rendered":"https:\/\/splashtears.com\/blog\/"},"modified":"2024-10-29T09:40:43","modified_gmt":"2024-10-29T14:40:43","slug":"blog","status":"publish","type":"page","link":"https:\/\/splasheyedrops.com\/es-us\/blog\/","title":{"rendered":"Blog Y Consejo"},"content":{"rendered":"\t\t<div data-elementor-type=\"wp-page\" data-elementor-id=\"15793\" class=\"elementor elementor-15793 elementor-12330\" data-elementor-post-type=\"page\">\n\t\t\t\t\t\t<section class=\"elementor-section elementor-top-section elementor-element elementor-element-7fccf15 elementor-section-height-min-height elementor-section-items-bottom elementor-section-boxed elementor-section-height-default\" data-id=\"7fccf15\" data-element_type=\"section\" data-e-type=\"section\" data-settings=\"{&quot;jet_parallax_layout_list&quot;:[],&quot;background_background&quot;:&quot;classic&quot;}\">\n\t\t\t\t\t\t<div class=\"elementor-container elementor-column-gap-default\">\n\t\t\t\t\t<div class=\"elementor-column elementor-col-33 elementor-top-column elementor-element elementor-element-d5a991e elementor-hidden-tablet elementor-hidden-mobile\" data-id=\"d5a991e\" data-element_type=\"column\" data-e-type=\"column\">\n\t\t\t<div class=\"elementor-widget-wrap elementor-element-populated\">\n\t\t\t\t\t\t<div class=\"elementor-element elementor-element-8249365 elementor-widget-mobile__width-auto elementor-invisible elementor-widget elementor-widget-image\" data-id=\"8249365\" data-element_type=\"widget\" data-e-type=\"widget\" data-settings=\"{&quot;_animation&quot;:&quot;fadeInLeft&quot;}\" data-widget_type=\"image.default\">\n\t\t\t\t<div class=\"elementor-widget-container\">\n\t\t\t\t\t\t\t\t\t\t\t\t\t\t\t<img fetchpriority=\"high\" decoding=\"async\" width=\"746\" height=\"896\" src=\"https:\/\/splasheyedrops.com\/wp-content\/uploads\/2024\/10\/Rectangle-5-min.png\" class=\"attachment-full size-full wp-image-17183\" alt=\"\" srcset=\"https:\/\/splasheyedrops.com\/wp-content\/uploads\/2024\/10\/Rectangle-5-min.png 746w, https:\/\/splasheyedrops.com\/wp-content\/uploads\/2024\/10\/Rectangle-5-min-250x300.png 250w\" sizes=\"(max-width: 746px) 100vw, 746px\" \/>\t\t\t\t\t\t\t\t\t\t\t\t\t\t\t<\/div>\n\t\t\t\t<\/div>\n\t\t\t\t\t<\/div>\n\t\t<\/div>\n\t\t\t\t<div class=\"elementor-column elementor-col-33 elementor-top-column elementor-element elementor-element-e9a2597\" data-id=\"e9a2597\" data-element_type=\"column\" data-e-type=\"column\">\n\t\t\t<div class=\"elementor-widget-wrap elementor-element-populated\">\n\t\t\t\t\t\t<div class=\"elementor-element elementor-element-9493fff elementor-widget elementor-widget-text-editor\" data-id=\"9493fff\" data-element_type=\"widget\" data-e-type=\"widget\" data-widget_type=\"text-editor.default\">\n\t\t\t\t<div class=\"elementor-widget-container\">\n\t\t\t\t\t\t\t\t\t<h1>CONSEJOS Y BLOGS<\/h1>\t\t\t\t\t\t\t\t<\/div>\n\t\t\t\t<\/div>\n\t\t\t\t<div class=\"elementor-element elementor-element-6d94982 elementor-widget elementor-widget-text-editor\" data-id=\"6d94982\" data-element_type=\"widget\" data-e-type=\"widget\" data-widget_type=\"text-editor.default\">\n\t\t\t\t<div class=\"elementor-widget-container\">\n\t\t\t\t\t\t\t\t\t<p>Hidrata tus ojos con nuestra f\u00f3rmula de acci\u00f3n r\u00e1pida. Restaura y lubrica tus ojos para m\u00e1xima comodidad con Splash.\u00a0<\/p>\t\t\t\t\t\t\t\t<\/div>\n\t\t\t\t<\/div>\n\t\t\t\t\t<\/div>\n\t\t<\/div>\n\t\t\t\t<div class=\"elementor-column elementor-col-33 elementor-top-column elementor-element elementor-element-b35c3c9 elementor-hidden-tablet elementor-hidden-mobile\" data-id=\"b35c3c9\" data-element_type=\"column\" data-e-type=\"column\">\n\t\t\t<div class=\"elementor-widget-wrap elementor-element-populated\">\n\t\t\t\t\t\t<div class=\"elementor-element elementor-element-a66ad4f elementor-widget-mobile__width-auto elementor-invisible elementor-widget elementor-widget-image\" data-id=\"a66ad4f\" data-element_type=\"widget\" data-e-type=\"widget\" data-settings=\"{&quot;_animation&quot;:&quot;fadeInRight&quot;}\" data-widget_type=\"image.default\">\n\t\t\t\t<div class=\"elementor-widget-container\">\n\t\t\t\t\t\t\t\t\t\t\t\t\t\t\t<img decoding=\"async\" width=\"800\" height=\"860\" src=\"https:\/\/splasheyedrops.com\/wp-content\/uploads\/2024\/10\/Placeholder-Image-min.png\" class=\"attachment-large size-large wp-image-17195\" alt=\"\" srcset=\"https:\/\/splasheyedrops.com\/wp-content\/uploads\/2024\/10\/Placeholder-Image-min.png 800w, https:\/\/splasheyedrops.com\/wp-content\/uploads\/2024\/10\/Placeholder-Image-min-279x300.png 279w, https:\/\/splasheyedrops.com\/wp-content\/uploads\/2024\/10\/Placeholder-Image-min-768x826.png 768w\" sizes=\"(max-width: 800px) 100vw, 800px\" \/>\t\t\t\t\t\t\t\t\t\t\t\t\t\t\t<\/div>\n\t\t\t\t<\/div>\n\t\t\t\t\t<\/div>\n\t\t<\/div>\n\t\t\t\t\t<\/div>\n\t\t<\/section>\n\t\t\t\t<section class=\"elementor-section elementor-top-section elementor-element elementor-element-b6a3e15 elementor-section-full_width elementor-section-height-default elementor-section-height-default\" data-id=\"b6a3e15\" data-element_type=\"section\" data-e-type=\"section\" data-settings=\"{&quot;jet_parallax_layout_list&quot;:[]}\">\n\t\t\t\t\t\t<div class=\"elementor-container elementor-column-gap-default\">\n\t\t\t\t\t<div class=\"elementor-column elementor-col-100 elementor-top-column elementor-element elementor-element-a1cc475\" data-id=\"a1cc475\" data-element_type=\"column\" data-e-type=\"column\">\n\t\t\t<div class=\"elementor-widget-wrap elementor-element-populated\">\n\t\t\t\t\t\t<div class=\"elementor-element elementor-element-56d15a8 elementor-widget__width-initial elementor-absolute elementor-widget elementor-widget-image\" data-id=\"56d15a8\" data-element_type=\"widget\" data-e-type=\"widget\" data-settings=\"{&quot;_position&quot;:&quot;absolute&quot;}\" data-widget_type=\"image.default\">\n\t\t\t\t<div class=\"elementor-widget-container\">\n\t\t\t\t\t\t\t\t\t\t\t\t\t\t\t<img decoding=\"async\" width=\"1662\" height=\"52\" src=\"https:\/\/splasheyedrops.com\/wp-content\/uploads\/2024\/10\/waves-detail-1.svg\" class=\"attachment-full size-full wp-image-17219\" alt=\"\" \/>\t\t\t\t\t\t\t\t\t\t\t\t\t\t\t<\/div>\n\t\t\t\t<\/div>\n\t\t\t\t\t<\/div>\n\t\t<\/div>\n\t\t\t\t\t<\/div>\n\t\t<\/section>\n\t\t\t\t<section class=\"elementor-section elementor-top-section elementor-element elementor-element-9b9e4bf elementor-section-boxed elementor-section-height-default elementor-section-height-default\" data-id=\"9b9e4bf\" data-element_type=\"section\" data-e-type=\"section\" data-settings=\"{&quot;jet_parallax_layout_list&quot;:[],&quot;background_background&quot;:&quot;classic&quot;}\">\n\t\t\t\t\t\t<div class=\"elementor-container elementor-column-gap-default\">\n\t\t\t\t\t<div class=\"elementor-column elementor-col-100 elementor-top-column elementor-element elementor-element-14533d7\" data-id=\"14533d7\" data-element_type=\"column\" data-e-type=\"column\">\n\t\t\t<div class=\"elementor-widget-wrap elementor-element-populated\">\n\t\t\t\t\t\t<div class=\"elementor-element elementor-element-87164e1 elementor-widget elementor-widget-heading\" data-id=\"87164e1\" data-element_type=\"widget\" data-e-type=\"widget\" data-widget_type=\"heading.default\">\n\t\t\t\t<div class=\"elementor-widget-container\">\n\t\t\t\t\t<h2 class=\"elementor-heading-title elementor-size-default\">Consulte nuestros blogs a continuaci\u00f3n<\/h2>\t\t\t\t<\/div>\n\t\t\t\t<\/div>\n\t\t\t\t<div class=\"elementor-element elementor-element-609b2be elementor-hidden-desktop elementor-hidden-tablet elementor-hidden-mobile elementor-widget elementor-widget-jet-smart-filters-color-image\" data-id=\"609b2be\" data-element_type=\"widget\" data-e-type=\"widget\" data-widget_type=\"jet-smart-filters-color-image.default\">\n\t\t\t\t<div class=\"elementor-widget-container\">\n\t\t\t\t\t<div class=\"jet-smart-filters-color-image jet-filter \" data-indexer-rule=\"show\" data-show-counter=\"\" data-change-counter=\"always\"><\/div>\t\t\t\t<\/div>\n\t\t\t\t<\/div>\n\t\t\t\t<div class=\"elementor-element elementor-element-620a970 elementor-widget elementor-widget-spacer\" data-id=\"620a970\" data-element_type=\"widget\" data-e-type=\"widget\" data-widget_type=\"spacer.default\">\n\t\t\t\t<div class=\"elementor-widget-container\">\n\t\t\t\t\t\t\t<div class=\"elementor-spacer\">\n\t\t\t<div class=\"elementor-spacer-inner\"><\/div>\n\t\t<\/div>\n\t\t\t\t\t\t<\/div>\n\t\t\t\t<\/div>\n\t\t\t\t<div class=\"elementor-element elementor-element-20b9504 elementor-widget elementor-widget-jet-listing-grid\" data-id=\"20b9504\" data-element_type=\"widget\" data-e-type=\"widget\" data-settings=\"{&quot;columns&quot;:&quot;3&quot;,&quot;columns_mobile&quot;:&quot;1&quot;}\" data-widget_type=\"jet-listing-grid.default\">\n\t\t\t\t<div class=\"elementor-widget-container\">\n\t\t\t\t\t<div class=\"jet-listing-grid jet-listing-grid--lazy-load jet-listing jet-listing-grid-loading\" data-lazy-load=\"{&quot;offset&quot;:&quot;0px&quot;,&quot;post_id&quot;:15793,&quot;queried_id&quot;:&quot;15793|WP_Post&quot;}\"><div class=\"jet-listing-grid__loader\"><div class=\"jet-listing-grid__loader-spinner\"><\/div><\/div><\/div>\t\t\t\t<\/div>\n\t\t\t\t<\/div>\n\t\t\t\t\t<\/div>\n\t\t<\/div>\n\t\t\t\t\t<\/div>\n\t\t<\/section>\n\t\t\t\t<\/div>\n\t\t","protected":false},"excerpt":{"rendered":"<p>CONSEJOS Y BLOGS Hidrata tus ojos con nuestra f\u00f3rmula de acci\u00f3n r\u00e1pida. Restaura y lubrica tus ojos para m\u00e1xima comodidad con Splash.\u00a0 Consulte nuestros blogs a continuaci\u00f3n Category Select for Blog Lifestyle Uncategorized Holidays Productivity<\/p>\n","protected":false},"author":5,"featured_media":4971,"parent":0,"menu_order":0,"comment_status":"closed","ping_status":"closed","template":"elementor_header_footer","meta":{"footnotes":""},"class_list":["post-15793","page","type-page","status-publish","has-post-thumbnail","hentry"],"yoast_head":"<!-- This site is optimized with the Yoast SEO plugin v27.4 - https:\/\/yoast.com\/product\/yoast-seo-wordpress\/ -->\n<title>Blog Y Consejo - Splash Tears en Estados Unidos<\/title>\n<meta name=\"description\" content=\"Hidrata tus ojos con nuestra f\u00f3rmula de acci\u00f3n r\u00e1pida. Restaura y lubrica tus ojos para m\u00e1xima comodidad con Splash.\" \/>\n<meta name=\"robots\" content=\"index, follow, max-snippet:-1, max-image-preview:large, max-video-preview:-1\" \/>\n<link rel=\"canonical\" href=\"https:\/\/splasheyedrops.com\/es-us\/blog\/\" \/>\n<meta property=\"og:locale\" content=\"es_ES\" \/>\n<meta property=\"og:type\" content=\"article\" \/>\n<meta property=\"og:title\" content=\"Blog Y Consejo - Splash Tears en Estados Unidos\" \/>\n<meta property=\"og:description\" content=\"Hidrata tus ojos con nuestra f\u00f3rmula de acci\u00f3n r\u00e1pida. Restaura y lubrica tus ojos para m\u00e1xima comodidad con Splash.\" \/>\n<meta property=\"og:url\" content=\"https:\/\/splasheyedrops.com\/es-us\/blog\/\" \/>\n<meta property=\"og:site_name\" content=\"Splash Tears en Estados Unidos\" \/>\n<meta property=\"article:publisher\" content=\"https:\/\/www.facebook.com\/SplashTearsUSA\" \/>\n<meta property=\"article:modified_time\" content=\"2024-10-29T14:40:43+00:00\" \/>\n<meta property=\"og:image\" content=\"https:\/\/splasheyedrops.com\/wp-content\/uploads\/2022\/05\/splash-tears.gif\" \/>\n\t<meta property=\"og:image:width\" content=\"360\" \/>\n\t<meta property=\"og:image:height\" content=\"360\" \/>\n\t<meta property=\"og:image:type\" content=\"image\/gif\" \/>\n<meta name=\"twitter:card\" content=\"summary_large_image\" \/>\n<meta name=\"twitter:label1\" content=\"Est. reading time\" \/>\n\t<meta name=\"twitter:data1\" content=\"2 minutes\" \/>\n<!-- \/ Yoast SEO plugin. -->","yoast_head_json":{"title":"Blog Y Consejo - Splash Tears en Estados Unidos","description":"Hidrata tus ojos con nuestra f\u00f3rmula de acci\u00f3n r\u00e1pida. Restaura y lubrica tus ojos para m\u00e1xima comodidad con Splash.","robots":{"index":"index","follow":"follow","max-snippet":"max-snippet:-1","max-image-preview":"max-image-preview:large","max-video-preview":"max-video-preview:-1"},"canonical":"https:\/\/splasheyedrops.com\/es-us\/blog\/","og_locale":"es_ES","og_type":"article","og_title":"Blog Y Consejo - Splash Tears en Estados Unidos","og_description":"Hidrata tus ojos con nuestra f\u00f3rmula de acci\u00f3n r\u00e1pida. Restaura y lubrica tus ojos para m\u00e1xima comodidad con Splash.","og_url":"https:\/\/splasheyedrops.com\/es-us\/blog\/","og_site_name":"Splash Tears en Estados Unidos","article_publisher":"https:\/\/www.facebook.com\/SplashTearsUSA","article_modified_time":"2024-10-29T14:40:43+00:00","og_image":[{"width":360,"height":360,"url":"https:\/\/splasheyedrops.com\/wp-content\/uploads\/2022\/05\/splash-tears.gif","type":"image\/gif"}],"twitter_card":"summary_large_image","twitter_misc":{"Est. reading time":"2 minutes"},"schema":{"@context":"https:\/\/schema.org","@graph":[{"@type":"WebPage","@id":"https:\/\/splasheyedrops.com\/es-us\/blog\/","url":"https:\/\/splasheyedrops.com\/es-us\/blog\/","name":"Blog Y Consejo - Splash Tears en Estados Unidos","isPartOf":{"@id":"https:\/\/splashtears.com\/#website"},"primaryImageOfPage":{"@id":"https:\/\/splasheyedrops.com\/es-us\/blog\/#primaryimage"},"image":{"@id":"https:\/\/splasheyedrops.com\/es-us\/blog\/#primaryimage"},"thumbnailUrl":"https:\/\/splasheyedrops.com\/wp-content\/uploads\/2022\/05\/splash-tears.gif","datePublished":"2023-10-27T01:40:38+00:00","dateModified":"2024-10-29T14:40:43+00:00","description":"Hidrata tus ojos con nuestra f\u00f3rmula de acci\u00f3n r\u00e1pida. Restaura y lubrica tus ojos para m\u00e1xima comodidad con Splash.","breadcrumb":{"@id":"https:\/\/splasheyedrops.com\/es-us\/blog\/#breadcrumb"},"inLanguage":"es-us","potentialAction":[{"@type":"ReadAction","target":["https:\/\/splasheyedrops.com\/es-us\/blog\/"]}]},{"@type":"ImageObject","inLanguage":"es-us","@id":"https:\/\/splasheyedrops.com\/es-us\/blog\/#primaryimage","url":"https:\/\/splasheyedrops.com\/wp-content\/uploads\/2022\/05\/splash-tears.gif","contentUrl":"https:\/\/splasheyedrops.com\/wp-content\/uploads\/2022\/05\/splash-tears.gif","width":360,"height":360},{"@type":"BreadcrumbList","@id":"https:\/\/splasheyedrops.com\/es-us\/blog\/#breadcrumb","itemListElement":[{"@type":"ListItem","position":1,"name":"P\u00e1gina de entrada","item":"https:\/\/splasheyedrops.com\/es-us\/"},{"@type":"ListItem","position":2,"name":"Blog Y Consejo"}]},{"@type":"WebSite","@id":"https:\/\/splashtears.com\/#website","url":"https:\/\/splashtears.com\/","name":"Splash Tears en Estados Unidos","description":"Alivio del ojo seco","publisher":{"@id":"https:\/\/splashtears.com\/#organization"},"potentialAction":[{"@type":"SearchAction","target":{"@type":"EntryPoint","urlTemplate":"https:\/\/splashtears.com\/?s={search_term_string}"},"query-input":{"@type":"PropertyValueSpecification","valueRequired":true,"valueName":"search_term_string"}}],"inLanguage":"es-us"},{"@type":"Organization","@id":"https:\/\/splashtears.com\/#organization","name":"Splash Tears en Estados Unidos","url":"https:\/\/splashtears.com\/","logo":{"@type":"ImageObject","inLanguage":"es-us","@id":"https:\/\/splashtears.com\/#\/schema\/logo\/image\/","url":"https:\/\/splasheyedrops.com\/wp-content\/uploads\/2022\/05\/Splash_Logo_2021-1.jpg","contentUrl":"https:\/\/splasheyedrops.com\/wp-content\/uploads\/2022\/05\/Splash_Logo_2021-1.jpg","width":1000,"height":1000,"caption":"Splash Tears en Estados Unidos"},"image":{"@id":"https:\/\/splashtears.com\/#\/schema\/logo\/image\/"},"sameAs":["https:\/\/www.facebook.com\/SplashTearsUSA"]}]}},"_links":{"self":[{"href":"https:\/\/splasheyedrops.com\/es-us\/wp-json\/wp\/v2\/pages\/15793","targetHints":{"allow":["GET"]}}],"collection":[{"href":"https:\/\/splasheyedrops.com\/es-us\/wp-json\/wp\/v2\/pages"}],"about":[{"href":"https:\/\/splasheyedrops.com\/es-us\/wp-json\/wp\/v2\/types\/page"}],"author":[{"embeddable":true,"href":"https:\/\/splasheyedrops.com\/es-us\/wp-json\/wp\/v2\/users\/5"}],"replies":[{"embeddable":true,"href":"https:\/\/splasheyedrops.com\/es-us\/wp-json\/wp\/v2\/comments?post=15793"}],"version-history":[{"count":16,"href":"https:\/\/splasheyedrops.com\/es-us\/wp-json\/wp\/v2\/pages\/15793\/revisions"}],"predecessor-version":[{"id":17354,"href":"https:\/\/splasheyedrops.com\/es-us\/wp-json\/wp\/v2\/pages\/15793\/revisions\/17354"}],"wp:featuredmedia":[{"embeddable":true,"href":"https:\/\/splasheyedrops.com\/es-us\/wp-json\/wp\/v2\/media\/4971"}],"wp:attachment":[{"href":"https:\/\/splasheyedrops.com\/es-us\/wp-json\/wp\/v2\/media?parent=15793"}],"curies":[{"name":"wp","href":"https:\/\/api.w.org\/{rel}","templated":true}]}}